{"id":4766,"date":"2017-08-12T12:08:10","date_gmt":"2017-08-12T11:08:10","guid":{"rendered":"http:\/\/www.cathjack.ch\/wordpress\/?page_id=4766"},"modified":"2024-05-11T07:01:49","modified_gmt":"2024-05-11T05:01:49","slug":"livres-commentes-themes-coup-de-coeur","status":"publish","type":"page","link":"https:\/\/www.cathjack.ch\/wordpress\/?page_id=4766","title":{"rendered":"Coups-de-coeur"},"content":{"rendered":"<p>J\u2019ai tourn\u00e9 les pages\u2026 et j\u2019ai eu envie de vous\u00a0 donner mes impressions\u2026<br \/>\nJ\u2019ai aussi eu envie de visiter certains pays via les livres, les \u00e9crivains, les sagas\u2026<br \/>\net de vous faire d\u00e9couvrir : Quelques auteurs Coup de c\u0153ur..<\/p>\n<p><strong>Quelques\u00a0pays ou endroits \u00e0 d\u00e9couvrir, un voyage en compagnie de leurs \u00e9crivains, ou des sagas qui se d\u00e9roulent dans ces pays\u2026<\/strong><\/p>\n<p><strong>DESTINATION : LIEUX<\/strong><\/p>\n<p><a href=\"https:\/\/www.cathjack.ch\/wordpress\/?p=8560\"><strong>DESTINATION : <span style=\"color: #800000;\">L&rsquo;ASIE<\/span><\/strong>\u00a0<\/a> &#8211; ses auteurs et ceux qui en parlent<\/p>\n<p><a href=\"https:\/\/www.cathjack.ch\/wordpress\/?p=9945\"><span style=\"color: #800000;\"><strong>DESTINATION : L&rsquo;AFRIQUE<\/strong><\/span><\/a> &#8211; ses auteurs et ceux qui en parlent<\/p>\n<p><a href=\"http:\/\/www.cathjack.ch\/wordpress\/?p=5754\"><strong>DESTINATION<\/strong> : <strong><span style=\"text-align: left; color: #800000; text-transform: none; text-indent: 0px; letter-spacing: normal; font-family: 'Roboto',Arial,Helvetica,sans-serif; font-size: 16px; font-style: normal; font-variant: normal; text-decoration: none; word-spacing: 0px; display: inline !important; white-space: normal; cursor: text; orphans: 2; float: none; -webkit-text-stroke-width: 0px; background-color: transparent;\">AMERIQUE LATINE<\/span><\/strong> : Argentine<\/a><br \/>\n<a href=\"http:\/\/www.cathjack.ch\/wordpress\/?p=5758\"><b>DESTINATION<\/b><span style=\"display: inline !important; float: none; background-color: transparent; color: #333333; cursor: text; font-family: 'Roboto',Arial,Helvetica,sans-serif; font-size: 16px; font-style: normal; font-variant: normal; font-weight: 400; letter-spacing: normal; orphans: 2; text-align: left; text-decoration: none; text-indent: 0px; text-transform: none; -webkit-text-stroke-width: 0px; white-space: normal; word-spacing: 0px;\"> : <\/span><strong><span style=\"color: #800000;\">Am\u00e9rique Latine<span style=\"text-align: left; text-transform: none; text-indent: 0px; letter-spacing: normal; font-family: 'Roboto',Arial,Helvetica,sans-serif; font-size: 16px; font-style: normal; font-variant: normal; text-decoration: none; word-spacing: 0px; display: inline !important; white-space: normal; cursor: text; orphans: 2; float: none; -webkit-text-stroke-width: 0px; background-color: transparent;\"> :\u00a0<\/span> <em>(sauf Argentine)<\/em> <\/span><\/strong><span style=\"color: #000000; font-family: Calibri;\">: <\/span>Bolivie \u2013 Br\u00e9sil &#8211; Chili &#8211; Colombie &#8211; Costa Rica &#8211; Cuba &#8211; Guatemala &#8211; Guyane &#8211; Honduras &#8211; Mexique &#8211; Nicaragua &#8211; Panama &#8211; Paraguay &#8211; P\u00e9rou &#8211; Uruguay &#8211; Venezuela &#8211; Equateur)<\/a><\/p>\n<p><span style=\"color: #800000;\"><strong>DESTINATION : EUROPE<\/strong> <\/span>: ses auteurs et ceux qui en parlent<\/p>\n<p><a title=\"DESTINATION : Angleterre, Ecosse, Irlande\" href=\"http:\/\/www.cathjack.ch\/wordpress\/?p=684\"><strong>DESTINATION<\/strong> : Angleterre, (Ecosse), Irlande <\/a><br \/>\n<a href=\"http:\/\/www.cathjack.ch\/wordpress\/?p=2934\"><strong>DESTINATION<\/strong> : Ecosse<\/a><br \/>\n<a href=\"https:\/\/www.cathjack.ch\/wordpress\/?p=7808\"><strong>DESTINATION<\/strong> : L&rsquo;Italie et ses auteurs<\/a><br \/>\n<a href=\"https:\/\/www.cathjack.ch\/wordpress\/?p=7015\"><strong>DESTINATION <\/strong>Le Nord : les auteurs gla\u00e7ants du Nord<\/a><br \/>\n<a href=\"https:\/\/www.cathjack.ch\/wordpress\/?p=7048\"><strong>DESTINATION : <\/strong>La Suisse et ses auteurs<\/a><br \/>\n<a href=\"https:\/\/www.cathjack.ch\/wordpress\/?p=7075\"><strong>DESTINATION : <\/strong>Egypte ancienne et moderne \u2013 Romans et polars<\/a><span style=\"display: inline !important; float: none; background-color: transparent; color: #424242; font-family: lato,'helvetica neue',helvetica,arial,verdana; font-size: 17px; font-style: normal; font-variant: normal; font-weight: 400; letter-spacing: normal; line-height: 28.9px; orphans: 2; text-align: left; text-decoration: none; text-indent: 0px; text-transform: none; -webkit-text-stroke-width: 0px; white-space: normal; word-spacing: 0px;\">\u00a0<\/span><\/p>\n<p><span style=\"color: #800000;\"><strong>DESTINATIONS : EPOQUES et THEMES<\/strong><\/span><br \/>\n<a title=\"DESTINATION : Le pass\u00e9 ( romans historiques)\" href=\"http:\/\/www.cathjack.ch\/wordpress\/?p=802\"><strong>DESTINATION<\/strong> : Le pass\u00e9 ( romans historiques)<\/a><br \/>\n<a href=\"http:\/\/www.cathjack.ch\/wordpress\/?p=812\"><strong>DESTINATION<\/strong> : Le Moyen Age : litt\u00e9rature m\u00e9di\u00e9vale<\/a><\/p>\n<p><a href=\"https:\/\/www.cathjack.ch\/wordpress\/?p=6144\"><strong>DESTINATION :<\/strong> L\u2019ART dans les romans et les polars<\/a><br \/>\n<a href=\"http:\/\/www.cathjack.ch\/wordpress\/?p=4660\"><strong>La s\u00e9rie<\/strong>: \u00a0\u00ab\u00a0<strong>Petit \u00e9loge\u00a0<\/strong>\u00bb de Folio \u00e0 2 Euros\u2026<\/a><\/p>\n<p><a href=\"https:\/\/www.cathjack.ch\/wordpress\/?p=10018\"><b>DESTINATION\u00a0: <\/b>CHATS<b> :\u00a0<\/b><b>A propos de chats \u2026<\/b><\/a><br \/>\n<a href=\"https:\/\/www.cathjack.ch\/wordpress\/?p=10828\">La Collection \u00ab <strong>MONDES SAUVAGES<\/strong> \u00bb d\u2019Actes-Sud (divers titres)<\/a><\/p>\n<p><span style=\"color: #800000;\"><strong>QUELQUES AUTEURS Coup de c\u0153ur<\/strong><\/span><br \/>\n\u2013 <span style=\"color: #800000;\"><strong><a style=\"color: #800000;\" title=\"Auteur coup de coeur : Vict\u00f3r del Arb\u00f3l\" href=\"http:\/\/www.cathjack.ch\/wordpress\/?p=1004\">del Arb\u00f3l, Victor<\/a><\/strong><\/span><br \/>\n\u2013 <span style=\"color: #800000;\"><a style=\"color: #800000;\" title=\"Auteur Coup de coeur : Baricco Alessandro\" href=\"http:\/\/www.cathjack.ch\/wordpress\/?p=957\"><strong>Baricco, Alessandro<\/strong><\/a><\/span><br \/>\n<strong><a title=\"Auteur coup de coeur : Jonathan Coe\" href=\"http:\/\/www.cathjack.ch\/wordpress\/?p=707\"><span style=\"display: inline !important; float: none; background-color: transparent; color: #333333; cursor: text; font-family: Georgia,'Times New Roman','Bitstream Charter',Times,serif; font-size: 16px; font-style: normal; font-variant: normal; font-weight: 400; letter-spacing: normal; orphans: 2; text-align: left; text-decoration: none; text-indent: 0px; text-transform: none; -webkit-text-stroke-width: 0px; white-space: normal; word-spacing: 0px;\">\u2013<\/span> <span style=\"color: #800000;\">Coe, Jonathan<\/span><\/a><\/strong><br \/>\n\u2013 <span style=\"color: #800000;\"><a style=\"color: #800000;\" title=\"Auteur Coup de coeur : Mia Couto\" href=\"http:\/\/www.cathjack.ch\/wordpress\/?p=1023\"><strong>Couto, Mia<\/strong><\/a><\/span><br \/>\n\u2013 <span style=\"color: #800000;\"><strong><a style=\"color: #800000;\" href=\"http:\/\/www.cathjack.ch\/wordpress\/?p=2076\">Gaud\u00e9, Laurent<\/a><\/strong><\/span><br \/>\n\u2013 <span style=\"color: #800000;\"><strong><a style=\"color: #800000;\" title=\"Auteur Coup de Coeur : SYLVIE GERMAIN\" href=\"http:\/\/www.cathjack.ch\/wordpress\/?p=660\">Germain, Sylvie<\/a><\/strong><\/span><br \/>\n\u2013 <strong>\u00a0<\/strong><span style=\"color: #800000;\"><a style=\"color: #800000;\" href=\"https:\/\/www.cathjack.ch\/wordpress\/?p=772\"><strong>Zaf\u00f3n, Carlos Ruiz<\/strong><\/a>\u00a0<\/span><br \/>\n\u2013 <span style=\"color: #800000;\"><strong><a style=\"color: #800000;\" title=\"Auteur Coup de Coeur : MARTIN SUTER\" href=\"http:\/\/www.cathjack.ch\/wordpress\/?p=664\">Suter, Martin<\/a><\/strong><\/span><\/p>\n<p><strong><span style=\"color: #800000;\">et aussi<\/span><\/strong> :<strong> Lydie Salvayre<\/strong>, <strong>L\u00e9onor de R\u00e9condo<\/strong>, <strong>Peter May<\/strong>, <strong>Carlos Salem,<\/strong> <strong>Natascha Appanah<\/strong>, <strong>Pascal Manoukian<\/strong> ( que vous trouverez dans les listes alphab\u00e9tique des auteurs)<\/p>\n<p><strong><span style=\"color: #800000;\">Mes livres coup de c\u0153ur<\/span> <\/strong>:\u00a0\u00a0\u00a0 vous les trouverez dans la liste des cat\u00e9gories<\/p>\n<p><span style=\"color: #800000;\"><strong>Petite\u00a0liste de mes coups de c\u0153urs et coups de griffes<\/strong><\/span> :\u00a0 <a href=\"http:\/\/www.cathjack.ch\/wordpress\/?p=251\">Les Top et les flops<\/a> \u2026<\/p>\n","protected":false},"excerpt":{"rendered":"<p>J\u2019ai tourn\u00e9 les pages\u2026 et j\u2019ai eu envie de vous\u00a0 donner mes impressions\u2026 J\u2019ai aussi eu envie de visiter certains pays via les livres, les \u00e9crivains, les sagas\u2026 et de vous faire d\u00e9couvrir : Quelques auteurs Coup de c\u0153ur.. Quelques\u00a0pays ou endroits \u00e0 d\u00e9couvrir, un voyage en compagnie de leurs \u00e9crivains, ou des sagas qui &hellip; <\/p>\n<p class=\"read-more\"><a class=\"readmore-btn\" href=\"https:\/\/www.cathjack.ch\/wordpress\/?page_id=4766\">+<span class=\"screen-reader-text\">  Read More<\/span><\/a><\/p>\n","protected":false},"author":1,"featured_media":6043,"parent":0,"menu_order":0,"comment_status":"closed","ping_status":"closed","template":"","meta":{"_crdt_document":"","_monsterinsights_skip_tracking":false,"_monsterinsights_sitenote_active":false,"_monsterinsights_sitenote_note":"","_monsterinsights_sitenote_category":0,"footnotes":""},"class_list":["post-4766","page","type-page","status-publish","has-post-thumbnail","hentry"],"aioseo_notices":[],"_links":{"self":[{"href":"https:\/\/www.cathjack.ch\/wordpress\/index.php?rest_route=\/wp\/v2\/pages\/4766","targetHints":{"allow":["GET"]}}],"collection":[{"href":"https:\/\/www.cathjack.ch\/wordpress\/index.php?rest_route=\/wp\/v2\/pages"}],"about":[{"href":"https:\/\/www.cathjack.ch\/wordpress\/index.php?rest_route=\/wp\/v2\/types\/page"}],"author":[{"embeddable":true,"href":"https:\/\/www.cathjack.ch\/wordpress\/index.php?rest_route=\/wp\/v2\/users\/1"}],"replies":[{"embeddable":true,"href":"https:\/\/www.cathjack.ch\/wordpress\/index.php?rest_route=%2Fwp%2Fv2%2Fcomments&post=4766"}],"version-history":[{"count":51,"href":"https:\/\/www.cathjack.ch\/wordpress\/index.php?rest_route=\/wp\/v2\/pages\/4766\/revisions"}],"predecessor-version":[{"id":16276,"href":"https:\/\/www.cathjack.ch\/wordpress\/index.php?rest_route=\/wp\/v2\/pages\/4766\/revisions\/16276"}],"wp:featuredmedia":[{"embeddable":true,"href":"https:\/\/www.cathjack.ch\/wordpress\/index.php?rest_route=\/wp\/v2\/media\/6043"}],"wp:attachment":[{"href":"https:\/\/www.cathjack.ch\/wordpress\/index.php?rest_route=%2Fwp%2Fv2%2Fmedia&parent=4766"}],"curies":[{"name":"wp","href":"https:\/\/api.w.org\/{rel}","templated":true}]}}