{"id":545,"date":"2014-05-06T16:03:57","date_gmt":"2014-05-06T15:03:57","guid":{"rendered":"http:\/\/www.cathjack.ch\/wordpress\/?page_id=545"},"modified":"2026-01-02T11:26:00","modified_gmt":"2026-01-02T09:26:00","slug":"au-fil-des-notes","status":"publish","type":"page","link":"https:\/\/www.cathjack.ch\/wordpress\/?page_id=545","title":{"rendered":"Discussions &#8230;"},"content":{"rendered":"<p style=\"text-align: center;\"><strong>Au fil des notes, de mes notes, des petites pens\u00e9es,<br \/>\ndes coups de c\u0153ur\u00a0<\/strong><\/p>\n<p>Une\u00a0petite liste de sujets en\u00a0plus des chroniques sur les lectures<\/p>\n<p style=\"text-align: left;\"><span style=\"color: #ff0000;\"><strong>Au fil des lectures.. vos avis, vos suggestions, vos blocages&#8230;<\/strong><\/span><\/p>\n<p style=\"text-align: left;\">au fil de<span style=\"color: #0000ff;\">\u00a0<\/span><a href=\"http:\/\/www.cathjack.ch\/wordpress\/?p=251\"><span style=\"color: #0000ff;\">des Tops et des flops<\/span>\u00a0<\/a>\u2026<br \/>\nRien \u00e0 faire !!!! <span style=\"color: #0000ff;\"><a style=\"color: #0000ff;\" title=\"Rien \u00e0 faire !!!! Ces livres et\/ou ces auteurs qui ne passent pas\u2026.\" href=\"http:\/\/www.cathjack.ch\/wordpress\/?p=1033\">Ces livres et\/ou ces auteurs qui ne passent pas<\/a>.<\/span>&#8230;<br \/>\nEt vous ? que lisez-vous ? des conseils? <span style=\"color: #0000ff;\"><a style=\"color: #0000ff;\" href=\"http:\/\/www.cathjack.ch\/wordpress\/?p=1389\">Merci de vous exprimer<\/a>..<\/span><br \/>\nPetite r\u00e9flexion &#8230;\u00a0\u00a0<span style=\"color: #0000ff;\"><a style=\"color: #0000ff;\" href=\"http:\/\/www.cathjack.ch\/wordpress\/?p=3523\"> Un petit fil rouge<\/a> <\/span>?<\/p>\n<p>Des suggestions de lecture : \u00a0<span style=\"color: #0000ff;\"><a style=\"color: #0000ff;\" title=\"Les lectures de N@n\" href=\"https:\/\/www.cathjack.ch\/wordpress\/?p=21511\">Les lectures de N@n &#8230;\u00a0<\/a><\/span><\/p>\n<p><span style=\"color: #ff0000;\"><strong>2026<\/strong><\/span><br \/>\nLes lectures 2026&#8230; <span style=\"color: #0000ff;\"><a style=\"color: #0000ff;\" title=\"Lectures 2026\" href=\"https:\/\/www.cathjack.ch\/wordpress\/?p=23459\">Au fil des mois de l&rsquo;an 2026<\/a><\/span><br \/>\nChallenge : \u00ab <span style=\"color: #0000ff;\"><a style=\"color: #0000ff;\" title=\"D\u00e9fi Lecture 2026\" href=\"https:\/\/www.cathjack.ch\/wordpress\/?p=23467\">D\u00e9fi Lecture 2026<\/a><\/span>\u00bb<br \/>\nChallenge : \u00ab <span style=\"color: #0000ff;\"><a style=\"color: #0000ff;\" title=\"Challenge \u00ab D\u00e9gomme ta PAL 2026 \u00bb\" href=\"https:\/\/www.cathjack.ch\/wordpress\/?p=23484\">D\u00e9gomme ta PAL 2026<\/a> <\/span>\u00bb (je fais partie des Administratrices)<br \/>\nChallenge : \u00ab <span style=\"color: #0000ff;\"><a style=\"color: #0000ff;\" title=\"Palendrier 2026\" href=\"https:\/\/www.cathjack.ch\/wordpress\/?p=23477\">PALendrier \u00a02026<\/a><\/span>\u00a0\u00bb (Li\u00e9 \u00e0 celui de D\u00e9gomme Ta PAL)<br \/>\nChallenge : \u00ab <span style=\"color: #000000;\">Lisons l&rsquo;Asie &#8211; challenge estival<\/span>\u00bb 8\u00e8me \u00e9dition<br \/>\nChallenge : \u00ab <span style=\"color: #000000;\">Black November<\/span> \u00bb ( de S\u00e9verine de IlEstBienCeLivre )<\/p>\n<p><span style=\"color: #ff0000;\"><strong>2025<\/strong><\/span><br \/>\nLes lectures 2025&#8230; <span style=\"color: #0000ff;\"><a style=\"color: #0000ff;\" title=\"Lectures 2025\" href=\"https:\/\/www.cathjack.ch\/wordpress\/?p=21312\">Au fil des mois de l&rsquo;an 2025<\/a><\/span><br \/>\nChallenge : \u00ab <span style=\"color: #0000ff;\"><a style=\"color: #0000ff;\" title=\"\u00ab D\u00e9fi Lecture 2025\u00bb\" href=\"https:\/\/www.cathjack.ch\/wordpress\/?p=21338\">D\u00e9fi Lecture 2025<\/a><\/span>\u00bb<br \/>\nChallenge : \u00ab <span style=\"color: #0000ff;\"><a style=\"color: #0000ff;\" title=\"Challenge \u00ab D\u00e9gomme ta PAL 2025 \u00bb\" href=\"https:\/\/www.cathjack.ch\/wordpress\/?p=21326\">D\u00e9gomme ta PAL 2025<\/a><\/span> \u00bb<br \/>\nChallenge : \u00ab <span style=\"color: #0000ff;\"><a style=\"color: #0000ff;\" title=\"Challenge \u00ab Lisons l\u2019Asie 2025 \u00bb7\u00e8me \u00e9dition\" href=\"https:\/\/www.cathjack.ch\/wordpress\/?p=22405\">Lisons l&rsquo;Asie &#8211; Juillet\/aout<\/a><\/span>\u00bb 7\u00e8me \u00e9dition<br \/>\nChallenge : \u00ab <span style=\"color: #0000ff;\"><a style=\"color: #0000ff;\" title=\"Palendrier 2025 (Challenge)\" href=\"https:\/\/www.cathjack.ch\/wordpress\/?p=21321\">PALendrier \u00a02025<\/a><\/span> \u00bb (Li\u00e9 \u00e0 celui de D\u00e9gomme Ta PAL)<br \/>\nChallenge : \u00ab <a title=\"Challenge : The Black November 2025\" href=\"https:\/\/www.cathjack.ch\/wordpress\/?p=23079\"><span style=\"color: #0000ff;\">Black November<\/span><\/a> \u00bb ( de S\u00e9verine de IlEstBienCeLivre )<\/p>\n<p><span style=\"color: #ff0000;\"><strong>2024<\/strong><\/span><br \/>\nLes lectures 2024\u2026 \u00a0 <span style=\"color: #0000ff;\"><a style=\"color: #0000ff;\" title=\"Lectures 2024\" href=\"https:\/\/www.cathjack.ch\/wordpress\/?p=19468\">Au fil des mois de l&rsquo;an 2024<\/a><\/span><br \/>\nChallenge : \u00ab<span style=\"color: #0000ff;\"><a style=\"color: #0000ff;\" title=\"Challenge : \u00abD\u00e9fi Lecture 2024\u00bb\" href=\"https:\/\/www.cathjack.ch\/wordpress\/?p=19473\">D\u00e9fi Lecture 2024<\/a><\/span>\u00bb<br \/>\nChallenge : \u00ab <span style=\"color: #0000ff;\"><a style=\"color: #0000ff;\" title=\"Challenges DTP : \u00ab D\u00e9gomme ta PAL 2024 \u00bb\" href=\"https:\/\/www.cathjack.ch\/wordpress\/?p=19477\">D\u00e9gomme ta PAL \u00bb 2024 &#8211; \u00abLisons l&rsquo;Asie (Juin\/Juillet)\u00bb \u00able PALendrier de l&rsquo;Avent\u00bb<\/a><\/span> &#8211;<br \/>\nChallenge : \u00ab <span style=\"color: #0000ff;\"><a style=\"color: #0000ff;\" title=\"Challenge : \u00abLes pages qui voyagent 2024\u00bb\" href=\"https:\/\/www.cathjack.ch\/wordpress\/?p=19482\">Les pages qui voyagent &#8211; Challenge litt\u00e9raire 2024<\/a> <\/span>\u00bb<br \/>\nChallenge Perso: \u00ab <span style=\"color: #0000ff;\"><a style=\"color: #0000ff;\" title=\"Challenge Perso 2024\" href=\"https:\/\/www.cathjack.ch\/wordpress\/?p=19531\">Sagas et S\u00e9ries &#8211; Focus Italie<\/a><\/span>\u00a0 \u00a0\u00bb<br \/>\nChallenge :\u00a0\u00ab\u00a0<span style=\"color: #0000ff;\"><a style=\"color: #0000ff;\" title=\"Challenge \u00ab\u00a0Black November\u00a0\u00bb 2024\" href=\"https:\/\/www.cathjack.ch\/wordpress\/?p=20904\">Black November<\/a><\/span> \u00bb<\/p>\n<p><span style=\"color: #008000;\"><strong><span style=\"color: #ff0000;\">2023<\/span><br \/>\n<\/strong><\/span>Les lectures 2023 (139) : \u00a0<span style=\"color: #0000ff;\"><a style=\"color: #0000ff;\" title=\"Lectures 2023\" href=\"https:\/\/www.cathjack.ch\/wordpress\/?p=17395\">Au fil des mois de l&rsquo;an 2023<\/a><br \/>\n<\/span>Challenge : <span style=\"color: #0000ff;\"><a style=\"color: #0000ff;\" title=\"Challenge : \u00ab D\u00e9fi Lecture 2023 \u00bb\" href=\"https:\/\/www.cathjack.ch\/wordpress\/?p=17401\">\u00abD\u00e9fi Lecture 2023\u00bb<\/a><\/span><br \/>\nChallenge : <span style=\"color: #0000ff;\"><a style=\"color: #0000ff;\" title=\"Challenges DTP : \u00ab D\u00e9gomme ta PAL 2023 \u00bb\" href=\"https:\/\/www.cathjack.ch\/wordpress\/?p=17410\">\u00ab D\u00e9gomme ta PAL \u00bb 2023 \u00a0 et le PALendrier de l&rsquo;Avent 2022 + \u00ab Lisons l\u2019Asie 2023\u00bb (Juin\/juillet) \u00a05\u00e8me \u00e9dition<\/a><\/span><br \/>\nChallenge : <span style=\"color: #0000ff;\"><a style=\"color: #0000ff;\" title=\"Mes Challenges Perso 2023\" href=\"https:\/\/www.cathjack.ch\/wordpress\/?p=17419\">\u00ab Mon Challenge priv\u00e9 2023\u00a0\u00bb : Le tour du Monde &#8211; S\u00e9ries &#8211; \u00a0focus Italie.<\/a><\/span>.<br \/>\nChallenge : <span style=\"color: #0000ff;\"><a style=\"color: #0000ff;\" title=\"Challenge : \u00abLire en couleurs 2023\u00bb\" href=\"https:\/\/www.cathjack.ch\/wordpress\/?p=17415\">\u00abLire en couleurs 2023\u00bb<\/a><\/span> ( reli\u00e9 \u00e0 celui de D\u00e9gommeTaPal)<br \/>\nChallenge : <span style=\"color: #0000ff;\">\u00ab <a style=\"color: #0000ff;\" title=\"Challenge : \u00ab IlEstBienCeLivre 2023\u00bb et \u00ab Black November \u00bb\" href=\"https:\/\/www.cathjack.ch\/wordpress\/?p=18819\">IlEstBienCeLivre 2023\u00bb + \u00ab Black November \u00bb<\/a><\/span><\/p>\n<p><span style=\"color: #008000;\"><strong><span style=\"color: #ff0000;\">2022<\/span><br \/>\n<\/strong><\/span>Les lectures 2022 (157) : \u00a0<span style=\"color: #0000ff;\"><a style=\"color: #0000ff;\" href=\"https:\/\/www.cathjack.ch\/wordpress\/?p=15087\">Au fil des mois de l&rsquo;an 2022<\/a><\/span><br \/>\nChallenge : <span style=\"color: #0000ff;\"><a style=\"color: #0000ff;\" href=\"https:\/\/www.cathjack.ch\/wordpress\/?p=15091\">\u00ab D\u00e9gomme ta PAL \u00bb 2022 \u00a0 et le PALendrier de l&rsquo;Avent 2021<\/a>\u00a0<\/span><br \/>\nChallenge : <span style=\"color: #0000ff;\"><a style=\"color: #0000ff;\" href=\"https:\/\/www.cathjack.ch\/wordpress\/?p=15142\"><strong>\u00ab <\/strong>IlEstBienCeLivre 2022\u00bb ( y inclus le \u00ab <em><strong>Black November<\/strong><\/em>\u00a0\u00bb)<\/a><\/span><br \/>\nChallenge : <span style=\"color: #0000ff;\"><a style=\"color: #0000ff;\" href=\"https:\/\/www.cathjack.ch\/wordpress\/?p=15097\">\u00abLire en couleurs 2022\u00bb<\/a> <\/span>( reli\u00e9 \u00e0 celui de D\u00e9gommeTaPal)<br \/>\nChallenge : <span style=\"color: #0000ff;\"><a style=\"color: #0000ff;\" href=\"https:\/\/www.cathjack.ch\/wordpress\/?p=15105\">\u00abD\u00e9fi Lecture 2022\u00bb<\/a><\/span><br \/>\nChallenge\u00a0 : <span style=\"color: #0000ff;\"><a style=\"color: #0000ff;\" href=\"https:\/\/www.cathjack.ch\/wordpress\/?p=16045\">Asie 2022 (L\u2019\u00e9t\u00e9 lisons l\u2019Asie) 4\u00e8me \u00e9dition<\/a><\/span><\/p>\n<p><span style=\"color: #008000;\"><strong><span style=\"color: #ff0000;\">2021<\/span><br \/>\n<\/strong><\/span>Les lectures 2021 (167) : \u00a0\u00a0<span style=\"color: #0000ff;\"><a style=\"color: #0000ff;\" href=\"https:\/\/www.cathjack.ch\/wordpress\/?p=12440\">Au fil des mois de l&rsquo;an 2021<\/a><\/span><br \/>\nChallenge : <span style=\"color: #0000ff;\"><a style=\"color: #0000ff;\" href=\"https:\/\/www.cathjack.ch\/wordpress\/?p=12430\">\u00ab D\u00e9gomme ta PAL \u00bb 2021 \u00a0 et le PALendrier de l&rsquo;Avent 2020<\/a><\/span><br \/>\net\u00a0\u00a0Challenge<span style=\"color: #0000ff;\"> <a style=\"color: #0000ff;\" href=\"https:\/\/www.cathjack.ch\/wordpress\/?p=13556\">Asie 2021 (L\u2019\u00e9t\u00e9 lisons l\u2019Asie) 3\u00e8me \u00e9dition<\/a><\/span><br \/>\nChallenge :<span style=\"color: #0000ff;\"> <a style=\"color: #0000ff;\" href=\"https:\/\/www.cathjack.ch\/wordpress\/?p=12435\">IlEstBienCeLivre 2021 ( y inclus le \u00ab <em><strong>Black November<\/strong><\/em>\u00a0\u00bb)<\/a><\/span><br \/>\nChallenge : <span style=\"color: #0000ff;\"><a style=\"color: #0000ff;\" href=\"https:\/\/www.cathjack.ch\/wordpress\/?p=12705\">\u00abLire en couleurs 2021\u00bb<\/a> <\/span>( reli\u00e9 \u00e0 celui de D\u00e9gommeTaPal)<br \/>\nChallenge : \u00ab<a href=\"https:\/\/www.cathjack.ch\/wordpress\/?p=13172\"><span style=\"color: #0000ff;\">D\u00e9fi Lecture 2021<\/span><\/a>\u00bb<br \/>\nAutre challenge:<span style=\"color: #0000ff;\"> <a style=\"color: #0000ff;\" href=\"https:\/\/www.cathjack.ch\/wordpress\/?p=12444\">le livre du mois (challenge priv\u00e9) 2021<\/a><\/span><br \/>\nChallenge :\u00a0<span style=\"color: #0000ff;\"> <a style=\"color: #0000ff;\" href=\"https:\/\/www.cathjack.ch\/wordpress\/?p=12818\">Challenge \u00ab\u00a0BBC\u00a0\u00bb<\/a><\/span> \u2013 illimit\u00e9 dans le temps<br \/>\nChallenge :<span style=\"color: #0000ff;\"> <a style=\"color: #0000ff;\" href=\"https:\/\/www.cathjack.ch\/wordpress\/?p=12935\">\u00ab Churchill\u2019s Book Club \u00bb 2021<\/a><\/span><\/p>\n<p><span style=\"color: #008000;\"><strong><span style=\"color: #ff0000;\">2020<\/span><br \/>\n<\/strong><\/span>Les lectures 2020 (158) : \u00a0<span style=\"color: #0000ff;\"> <a style=\"color: #0000ff;\" href=\"https:\/\/www.cathjack.ch\/wordpress\/?p=10090\">Au fil des mois de l&rsquo;an 2020<\/a><\/span><br \/>\nChallenge : <span style=\"color: #0000ff;\"><a style=\"color: #0000ff;\" href=\"https:\/\/www.cathjack.ch\/wordpress\/?p=10084\">\u00ab\u00a0D\u00e9gomme ta PAL\u00a0\u00bb 2020 \u00a0 et les 24 de l&rsquo;Avent 2019<\/a><\/span><br \/>\n<span style=\"display: inline !important; float: none; background-color: #ffffff; color: #424242; font-family: lato,'helvetica neue',helvetica,arial,verdana; font-size: 17px; font-style: normal; font-variant: normal; font-weight: 400; letter-spacing: normal; line-height: 1.7em; orphans: 2; text-align: left; text-decoration: none; text-indent: 0px; text-transform: none; -webkit-text-stroke-width: 0px; white-space: normal; word-spacing: 0px;\">Challenge : <\/span><span style=\"color: #0000ff;\"><a style=\"color: #0000ff;\" href=\"https:\/\/www.cathjack.ch\/wordpress\/?p=10122\">IlEstBienCeLivre 2020 ( y inclus le \u00ab\u00a0<strong>Black November\u00a0\u00bb<\/strong>)<\/a><\/span><br \/>\nChallenge:<span style=\"color: #0000ff;\"> <a style=\"color: #0000ff;\" href=\"https:\/\/www.cathjack.ch\/wordpress\/?p=11555\">\u00ab Pumpkin Autumn Challenge \u00bb 2020<\/a><\/span><\/p>\n<p><span style=\"color: #008000;\"><strong><span style=\"color: #ff0000;\">2019<\/span><br \/>\n<\/strong><\/span>Les lectures 2019 (170) :\u00a0<span style=\"color: #0000ff;\"><a style=\"color: #0000ff;\" href=\"https:\/\/www.cathjack.ch\/wordpress\/?p=7639\">Au fil des mois de l&rsquo;an 2019<\/a><\/span><br \/>\nChallenge :<span style=\"color: #0000ff;\"> <a style=\"color: #0000ff;\" href=\"https:\/\/www.cathjack.ch\/wordpress\/?p=7645\">IlEstBienCeLivre 2019 ( y inclus le \u00ab\u00a0<strong>Black November\u00a0\u00bb<\/strong>)\u00a0<\/a><\/span><br \/>\nChallenge :<span style=\"color: #0000ff;\"> <a style=\"color: #0000ff;\" href=\"https:\/\/www.cathjack.ch\/wordpress\/?p=7682\">\u00ab\u00a0Degomme ta PAL\u00a0\u00bb 2019\u00a0 et Asie (L&rsquo;\u00e9t\u00e9 lisons l&rsquo;Asie)<\/a><\/span><br \/>\nLes prix litt\u00e9raires 2019 &#8211; <a href=\"https:\/\/www.cathjack.ch\/wordpress\/?p=7642\">La r\u00e9cap&rsquo;<\/a><\/p>\n<p><span style=\"color: #008000;\"><strong><span style=\"color: #ff0000;\">2018<\/span><br \/>\n<\/strong><\/span>Les lectures 2018 (163):\u00a0<span style=\"color: #0000ff;\"><a style=\"color: #0000ff;\" href=\"https:\/\/www.cathjack.ch\/wordpress\/?p=6136\">Au fil des mois de l&rsquo;an 2018<\/a><\/span><br \/>\nLe Challenge <span style=\"color: #0000ff;\"><a style=\"color: #0000ff;\" href=\"http:\/\/www.cathjack.ch\/wordpress\/?p=5405\">J&rsquo;ai lu 2018<\/a><\/span><br \/>\nLes Prix litt\u00e9raires 2018 \u2013 <a href=\"http:\/\/www.cathjack.ch\/wordpress\/?p=5807\">La recap\u2019<\/a><\/p>\n<p><span style=\"color: #008000;\"><strong><span style=\"color: #ff0000;\">2017<\/span><br \/>\n<\/strong><\/span>Les lectures 2017 (154):<span style=\"color: #0000ff;\"> <a style=\"color: #0000ff;\" href=\"http:\/\/www.cathjack.ch\/wordpress\/?p=3809\">Au fil des mois de l&rsquo;an 2017<\/a><\/span><br \/>\nLes prix litt\u00e9raires 2017 &#8211;\u00a0 <a href=\"https:\/\/www.cathjack.ch\/wordpress\/?p=3881\">La r\u00e9cap&rsquo;<\/a><\/p>\n<p><span style=\"color: #008000;\"><strong><span style=\"color: #ff0000;\">2016<\/span><br \/>\n<\/strong><\/span>Les lectures 2016 (148) :<span style=\"color: #0000ff;\">\u00a0<a style=\"color: #0000ff;\" href=\"http:\/\/www.cathjack.ch\/wordpress\/?p=2424\">Au fil des mois de l&rsquo;an 2016<\/a><\/span><br \/>\nLes prix litt\u00e9raires 2016 &#8211; <a href=\"http:\/\/www.cathjack.ch\/wordpress\/?p=2469\">La r\u00e9cap&rsquo; <\/a><\/p>\n<p style=\"text-align: left;\"><span style=\"color: #ff0000;\"><strong>2015<\/strong><\/span><\/p>\n<p style=\"text-align: left;\">Un\u00a0an d\u00e9j\u00e0&#8230;.<span style=\"color: #0000ff;\"> <a style=\"color: #0000ff;\" title=\"Mon blog vient de f\u00eater sa premi\u00e8re ann\u00e9e\" href=\"http:\/\/www.cathjack.ch\/wordpress\/?p=1579\">Mon blog vient de f\u00eater sa premi\u00e8re ann\u00e9e<\/a>\u2026<\/span><br \/>\nLes lectures 2015 &#8230;<span style=\"color: #0000ff;\"> <a style=\"color: #0000ff;\" title=\"Lectures 2015\" href=\"http:\/\/www.cathjack.ch\/wordpress\/?p=1420\">Au fil des mois &#8230;<\/a><\/span><br \/>\nLes prix litt\u00e9raires 2015 &#8211; <a href=\"http:\/\/www.cathjack.ch\/wordpress\/?p=2308\">La r\u00e9cap&rsquo; <\/a><\/p>\n<p style=\"text-align: left;\"><span style=\"color: #ff0000;\"><strong>et aussi<\/strong><\/span><\/p>\n<p style=\"text-align: left;\">\u00a0<a title=\"Au fil des notes\u2026 sur un air de musique\u2026\" href=\"http:\/\/www.cathjack.ch\/wordpress\/?p=537\">Sur des notes de musique<\/a>&#8230; Jordi Savall &#8230;<\/p>\n<p style=\"text-align: center;\"><strong>JE VOUS REMERCIE DE METTRE VOS COMMENTAIRES DIRECTEMENT DANS LES SUJETS <\/strong><\/p>\n<p style=\"text-align: center;\">\n","protected":false},"excerpt":{"rendered":"<p>Au fil des notes, de mes notes, des petites pens\u00e9es, des coups de c\u0153ur\u00a0 Une\u00a0petite liste de sujets en\u00a0plus des chroniques sur les lectures Au fil des lectures.. vos avis, vos suggestions, vos blocages&#8230; au fil de\u00a0des Tops et des flops\u00a0\u2026 Rien \u00e0 faire !!!! Ces livres et\/ou ces auteurs qui ne passent pas.&#8230; Et &hellip; <\/p>\n<p class=\"read-more\"><a class=\"readmore-btn\" href=\"https:\/\/www.cathjack.ch\/wordpress\/?page_id=545\">+<span class=\"screen-reader-text\">  Read More<\/span><\/a><\/p>\n","protected":false},"author":1,"featured_media":4921,"parent":0,"menu_order":0,"comment_status":"closed","ping_status":"closed","template":"","meta":{"_crdt_document":"","_monsterinsights_skip_tracking":false,"_monsterinsights_sitenote_active":false,"_monsterinsights_sitenote_note":"","_monsterinsights_sitenote_category":0,"footnotes":""},"class_list":["post-545","page","type-page","status-publish","has-post-thumbnail","hentry"],"aioseo_notices":[],"_links":{"self":[{"href":"https:\/\/www.cathjack.ch\/wordpress\/index.php?rest_route=\/wp\/v2\/pages\/545","targetHints":{"allow":["GET"]}}],"collection":[{"href":"https:\/\/www.cathjack.ch\/wordpress\/index.php?rest_route=\/wp\/v2\/pages"}],"about":[{"href":"https:\/\/www.cathjack.ch\/wordpress\/index.php?rest_route=\/wp\/v2\/types\/page"}],"author":[{"embeddable":true,"href":"https:\/\/www.cathjack.ch\/wordpress\/index.php?rest_route=\/wp\/v2\/users\/1"}],"replies":[{"embeddable":true,"href":"https:\/\/www.cathjack.ch\/wordpress\/index.php?rest_route=%2Fwp%2Fv2%2Fcomments&post=545"}],"version-history":[{"count":100,"href":"https:\/\/www.cathjack.ch\/wordpress\/index.php?rest_route=\/wp\/v2\/pages\/545\/revisions"}],"predecessor-version":[{"id":23524,"href":"https:\/\/www.cathjack.ch\/wordpress\/index.php?rest_route=\/wp\/v2\/pages\/545\/revisions\/23524"}],"wp:featuredmedia":[{"embeddable":true,"href":"https:\/\/www.cathjack.ch\/wordpress\/index.php?rest_route=\/wp\/v2\/media\/4921"}],"wp:attachment":[{"href":"https:\/\/www.cathjack.ch\/wordpress\/index.php?rest_route=%2Fwp%2Fv2%2Fmedia&parent=545"}],"curies":[{"name":"wp","href":"https:\/\/api.w.org\/{rel}","templated":true}]}}